{"id":6866,"date":"2024-05-14T08:25:44","date_gmt":"2024-05-14T08:25:44","guid":{"rendered":"https:\/\/mcme.be\/?page_id=6866"},"modified":"2024-05-23T08:21:12","modified_gmt":"2024-05-23T08:21:12","slug":"politique-de-cookies","status":"publish","type":"page","link":"https:\/\/mcme.be\/fr\/cookie-policy\/","title":{"rendered":"Cookie policy"},"content":{"rendered":"<div data-elementor-type=\"wp-page\" data-elementor-id=\"6866\" class=\"elementor elementor-6866\" data-elementor-post-type=\"page\">\n\t\t\t\t<div class=\"elementor-element elementor-element-1200c93 inner_bg e-flex e-con-boxed e-con e-parent\" data-id=\"1200c93\" data-element_type=\"container\" data-e-type=\"container\" data-settings=\"{&quot;background_background&quot;:&quot;classic&quot;}\">\n\t\t\t\t\t<div class=\"e-con-inner\">\n\t\t\t\t<div class=\"elementor-element elementor-element-5ac8e9d sub_hd elementor-widget__width-initial elementor-widget elementor-widget-heading\" data-id=\"5ac8e9d\" data-element_type=\"widget\" data-e-type=\"widget\" data-widget_type=\"heading.default\">\n\t\t\t\t<div class=\"elementor-widget-container\">\n\t\t\t\t\t<h2 class=\"elementor-heading-title elementor-size-default\"><span> Cookie<\/span> policy<\/h2>\t\t\t\t<\/div>\n\t\t\t\t<\/div>\n\t\t\t\t<div class=\"elementor-element elementor-element-f7f4555 elementor-widget elementor-widget-text-editor\" data-id=\"f7f4555\" data-element_type=\"widget\" data-e-type=\"widget\" data-widget_type=\"text-editor.default\">\n\t\t\t\t<div class=\"elementor-widget-container\">\n\t\t\t\t\t\t\t\t\t<p><span style=\"color: #ffffff;\">Nous nous effor\u00e7ons d'offrir la meilleure exp\u00e9rience utilisateur possible sur mcme.be. Afin d'am\u00e9liorer en permanence notre offre de services aux visiteurs de notre site Web, nous utilisons des cookies.<\/span><\/p>\t\t\t\t\t\t\t\t<\/div>\n\t\t\t\t<\/div>\n\t\t\t\t\t<\/div>\n\t\t\t\t<\/div>\n\t\t<div class=\"elementor-element elementor-element-378e41b e-flex e-con-boxed e-con e-parent\" data-id=\"378e41b\" data-element_type=\"container\" data-e-type=\"container\">\n\t\t\t\t\t<div class=\"e-con-inner\">\n\t\t<div class=\"elementor-element elementor-element-55568ec e-flex e-con-boxed e-con e-child\" data-id=\"55568ec\" data-element_type=\"container\" data-e-type=\"container\">\n\t\t\t\t\t<div class=\"e-con-inner\">\n\t\t\t\t<div class=\"elementor-element elementor-element-97a79ea elementor-widget elementor-widget-text-editor\" data-id=\"97a79ea\" data-element_type=\"widget\" data-e-type=\"widget\" data-widget_type=\"text-editor.default\">\n\t\t\t\t<div class=\"elementor-widget-container\">\n\t\t\t\t\t\t\t\t\t<h2><strong>Qu'est-ce qu'un cookie ?<\/strong><\/h2><ul><li>Un cookie est un fichier contenant un identifiant (une cha\u00eene de lettres et de chiffres) qui est envoy\u00e9 par un serveur Web \u00e0 un navigateur Web et qui est stock\u00e9 par le navigateur. L'identifiant est ensuite renvoy\u00e9 au serveur \u00e0 chaque fois que le navigateur demande une page au serveur.<\/li><li>Les cookies peuvent \u00eatre soit des cookies \u00ab persistants \u00bb, soit des cookies de \u00ab session \u00bb : un cookie persistant sera stock\u00e9 par un navigateur Web et restera valide jusqu'\u00e0 sa date d'expiration d\u00e9finie, sauf s'il est supprim\u00e9 par l'utilisateur avant la date d'expiration ; un cookie de session, en revanche, expirera \u00e0 la fin de la session de l'utilisateur, lorsque le navigateur Web est ferm\u00e9.<\/li><li>Les cookies ne contiennent g\u00e9n\u00e9ralement pas d'informations permettant d'identifier personnellement un utilisateur, mais les informations personnelles que nous stockons \u00e0 votre sujet peuvent \u00eatre li\u00e9es aux informations stock\u00e9es dans les cookies et obtenues \u00e0 partir de ceux-ci.<\/li><li>Les cookies ne contiennent g\u00e9n\u00e9ralement aucune information permettant d'identifier personnellement un utilisateur, mais les informations personnelles que nous stockons \u00e0 votre sujet peuvent \u00eatre li\u00e9es aux informations stock\u00e9es et obtenues \u00e0 partir des cookies.<\/li><\/ul>\t\t\t\t\t\t\t\t<\/div>\n\t\t\t\t<\/div>\n\t\t\t\t<div class=\"elementor-element elementor-element-54acef1 elementor-widget elementor-widget-text-editor\" data-id=\"54acef1\" data-element_type=\"widget\" data-e-type=\"widget\" data-widget_type=\"text-editor.default\">\n\t\t\t\t<div class=\"elementor-widget-container\">\n\t\t\t\t\t\t\t\t\t<h3>Quels types de cookies existe-t-il ?<\/h3><p><strong>Cookies strictement n\u00e9cessaires<\/strong><\/p><p>Ces cookies sont strictement n\u00e9cessaires pour vous permettre d'utiliser les diff\u00e9rents services fournis par le Site et demand\u00e9s par vous.<\/p><p><strong>Cookies de fonctionnalit\u00e9<\/strong><\/p><p>Ces cookies am\u00e9liorent votre exp\u00e9rience utilisateur lors de vos diff\u00e9rentes sessions de navigation sur le Site en m\u00e9morisant vos pr\u00e9f\u00e9rences.<\/p><p><strong>Cookies de suivi<\/strong><\/p><p>Ces cookies sont persistants et dureront plus longtemps que vos sessions. Si un cookie persistant a son \u00e2ge maximum d\u00e9fini sur 1 an, alors, au cours de cette ann\u00e9e, la valeur initiale d\u00e9finie dans ce cookie sera renvoy\u00e9e au serveur chaque fois que vous visiterez le serveur. Ceci est utilis\u00e9 pour enregistrer une information vitale telle que la fa\u00e7on dont un visiteur est arriv\u00e9 initialement sur ce site Web. Pour cette raison, ils sont \u00e9galement appel\u00e9s cookies de suivi.<\/p><p><strong>Cookies de performance<\/strong><\/p><p>Ces cookies contribuent \u00e0 am\u00e9liorer les performances du site Web, offrant une meilleure exp\u00e9rience utilisateur. mcme.be utilise Google Analytics fourni par Google, Inc. pour analyser la fa\u00e7on dont les visiteurs utilisent le site Web. Il enregistre le nombre de visiteurs et renseigne sur l'utilisation du site (combien de pages vues, dur\u00e9e de la session,\u2026) Les donn\u00e9es recueillies par Google Analytics sont strictement anonymes.<\/p><p><strong>Cookies tiers<\/strong><\/p><p>Afin de rationaliser les communications, mcme.be int\u00e8gre le contenu des canaux de m\u00e9dias sociaux tels que Linkedin, YouTube, Facebook et Twitter et permet le partage sur les r\u00e9seaux sociaux. Les canaux utilis\u00e9s par mcme.be peuvent pr\u00e9senter des cookies de ces sites Web et ne les contr\u00f4lent pas. Le visiteur doit consulter le site Web tiers concern\u00e9 pour plus d'informations sur ces cookies.<\/p><h2>\u00a0<\/h2><h2>Quels cookies sont utilis\u00e9s par ce site ?<\/h2><p><strong>i18n_redirected<\/strong><br \/>Ce cookie stocke la langue du navigateur pour \u00e9viter de rediriger les utilisateurs \u00e0 chaque fois qu'ils visitent l'application.<\/p><p><strong>D\u00e9sactiver les cookies<\/strong><br \/>Bien que cela ait un impact sur le bon fonctionnement du site, vous pouvez \u00e0 tout moment d\u00e9sactiver les cookies. Pour ce faire, veuillez lire les instructions ici :<\/p><p><a href=\"https:\/\/www.aboutcookies.org\/\" rel=\"nofollow noopener\" target=\"_blank\">https:\/\/www.aboutcookies.org\/<\/a><\/p><p>\u00a0<\/p>\t\t\t\t\t\t\t\t<\/div>\n\t\t\t\t<\/div>\n\t\t\t\t\t<\/div>\n\t\t\t\t<\/div>\n\t\t\t\t\t<\/div>\n\t\t\t\t<\/div>\n\t\t\t\t<\/div>","protected":false},"excerpt":{"rendered":"<p>Cookie policy We streven ernaar om de best mogelijke gebruikerservaring te bieden op mcme.be. Om onze dienstverlening aan onze websitebezoekers continu te verbeteren, maken wij gebruik van cookies. Wat is een cookie? Een cookie is een bestand met een identifier (een reeks letters en cijfers) dat door een webserver naar een webbrowser wordt gestuurd en [&hellip;]<\/p>\n","protected":false},"author":5,"featured_media":0,"parent":0,"menu_order":999,"comment_status":"closed","ping_status":"closed","template":"elementor_header_footer","meta":{"inline_featured_image":false,"footnotes":""},"class_list":["post-6866","page","type-page","status-publish","hentry"],"_links":{"self":[{"href":"https:\/\/mcme.be\/fr\/wp-json\/wp\/v2\/pages\/6866","targetHints":{"allow":["GET"]}}],"collection":[{"href":"https:\/\/mcme.be\/fr\/wp-json\/wp\/v2\/pages"}],"about":[{"href":"https:\/\/mcme.be\/fr\/wp-json\/wp\/v2\/types\/page"}],"author":[{"embeddable":true,"href":"https:\/\/mcme.be\/fr\/wp-json\/wp\/v2\/users\/5"}],"replies":[{"embeddable":true,"href":"https:\/\/mcme.be\/fr\/wp-json\/wp\/v2\/comments?post=6866"}],"version-history":[{"count":0,"href":"https:\/\/mcme.be\/fr\/wp-json\/wp\/v2\/pages\/6866\/revisions"}],"wp:attachment":[{"href":"https:\/\/mcme.be\/fr\/wp-json\/wp\/v2\/media?parent=6866"}],"curies":[{"name":"wp","href":"https:\/\/api.w.org\/{rel}","templated":true}]}}